{"id":11329,"date":"2021-04-12T10:26:09","date_gmt":"2021-04-12T07:26:09","guid":{"rendered":"https:\/\/anthos-paros.gr\/?page_id=11329"},"modified":"2024-02-19T16:24:57","modified_gmt":"2024-02-19T13:24:57","slug":"concierge","status":"publish","type":"page","link":"https:\/\/anthos-paros.gr\/de\/concierge\/","title":{"rendered":"Concierge"},"content":{"rendered":"\n\t<section class=\"section\" id=\"section_25391231\">\n\t\t<div class=\"section-bg fill\" >\n\t\t\t\t\t\t\t\t\t\n\t\t\t\n\n\t\t<\/div>\n\n\t\t\n\n\t\t<div class=\"section-content relative\">\n\t\t\t\n<div class=\"row\" style=\"max-width:1200px\" id=\"row-1876984477\">\n\n\t<div id=\"col-894431452\" class=\"col medium-6 small-12 large-5\"  >\n\t\t\t\t<div class=\"col-inner text-shadow-3 dark\"  >\n\t\t\t\n\t\t\t\n\t<div id=\"gap-336672365\" class=\"gap-element clearfix\" style=\"display:block; height:auto;\">\n\t\t\n<style>\n#gap-336672365 {\n  padding-top: 60px;\n}\n<\/style>\n\t<\/div>\n\t\n\t<div id=\"text-3815226018\" class=\"text\">\n\t\t\n<h1>Concierge<\/h1>\n\t\t\n<style>\n#text-3815226018 {\n  font-size: 2.75rem;\n  text-align: center;\n}\n<\/style>\n\t<\/div>\n\t\n\t\t<\/div>\n\t\t\t\t\t<\/div>\n\n\t\n<\/div>\n\t\t<\/div>\n\n\t\t\n<style>\n#section_25391231 {\n  padding-top: 30px;\n  padding-bottom: 30px;\n  min-height: 300px;\n  background-color: rgba(149, 165, 99, 0.849);\n}\n@media (min-width:550px) {\n  #section_25391231 {\n    min-height: 180px;\n  }\n}\n<\/style>\n\t<\/section>\n\t\n\n\t<section class=\"section\" id=\"section_708178802\">\n\t\t<div class=\"section-bg fill\" >\n\t\t\t\t\t\t\t\t\t\n\t\t\t\n\n\t\t<\/div>\n\n\t\t\n\n\t\t<div class=\"section-content relative\">\n\t\t\t\n<div class=\"row\" style=\"max-width:1200px\" id=\"row-2084864337\">\n\n\t<div id=\"col-1709623746\" class=\"col small-12 large-12\"  >\n\t\t\t\t<div class=\"col-inner\"  >\n\t\t\t\n\t\t\t\n<div class=\"row align-bottom\" style=\"max-width:1200px\" id=\"row-10773022\">\n\n\t<div id=\"col-1073392162\" class=\"col medium-12 small-12 large-6\"  >\n\t\t\t\t<div class=\"col-inner\"  >\n\t\t\t\n\t\t\t\n<p style=\"text-align: justify;\">Es wird gesagt, dass man einen Ort besser kennenlernt, wenn man dort in verschiedenen Aktivit\u00e4ten teilnimmt. Entdecken Sie die Concierge Dienste in Anthos Paros und genie\u00dfen Sie die einzigartige Erfahrung des wunderbaren Insels von Paros. Unser Hotel bietet Ihnen die M\u00f6glichkeit, eine ganze Reihe von Aktivit\u00e4ten und Extremsports, die Ihre Sommerferien sicherlich in die H\u00f6he schnellen werden, zu reservieren.<\/p>\n<a class=\"button secondary is-link\"  >\n\t\t<span>Get in touch<\/span>\n\t<i class=\"icon-angle-right\" aria-hidden=\"true\" ><\/i><\/a>\n\n\t\t<\/div>\n\t\t\t\t\t<\/div>\n\n\t\n\n\t<div id=\"col-166475768\" class=\"col medium-12 small-12 large-6 medium-col-first\"  >\n\t\t\t\t<div class=\"col-inner\"  >\n\t\t\t\n\t\t\t\n\n  <div class=\"banner has-hover\" id=\"banner-1643713782\">\n          <div class=\"banner-inner fill\">\n        <div class=\"banner-bg fill\" >\n            <img loading=\"lazy\" decoding=\"async\" width=\"2200\" height=\"1467\" src=\"https:\/\/anthos-paros.gr\/wp-content\/uploads\/2024\/02\/Anthos-92.jpg\" class=\"bg attachment-original size-original\" alt=\"\" \/>                                    \n                    <\/div>\n\t\t\n        <div class=\"banner-layers container\">\n            <div class=\"fill banner-link\"><\/div>            \n   <div id=\"text-box-1513064782\" class=\"text-box banner-layer x50 md-x50 lg-x50 y50 md-y50 lg-y50 res-text\">\n                                <div class=\"text-box-content text dark\">\n              \n              <div class=\"text-inner text-center\">\n                  \n              <\/div>\n           <\/div>\n                            \n<style>\n#text-box-1513064782 {\n  width: 60%;\n}\n#text-box-1513064782 .text-box-content {\n  font-size: 100%;\n}\n@media (min-width:550px) {\n  #text-box-1513064782 {\n    width: 60%;\n  }\n}\n<\/style>\n    <\/div>\n \n        <\/div>\n      <\/div>\n\n            \n<style>\n#banner-1643713782 {\n  padding-top: 400px;\n  background-color: rgb(255, 255, 255);\n}\n#banner-1643713782 .banner-bg img {\n  object-position: 0% 82%;\n}\n@media (min-width:550px) {\n  #banner-1643713782 {\n    padding-top: 600px;\n  }\n}\n@media (min-width:850px) {\n  #banner-1643713782 {\n    padding-top: 452px;\n  }\n}\n<\/style>\n  <\/div>\n\n\n\t\t<\/div>\n\t\t\t\t\n<style>\n#col-166475768 > .col-inner {\n  padding: 0px 0px 30px 0px;\n  margin: -70px 0px 0px 0px;\n}\n@media (min-width:850px) {\n  #col-166475768 > .col-inner {\n    margin: -260px 0px 0px 0px;\n  }\n}\n<\/style>\n\t<\/div>\n\n\t\n<\/div>\n\t\t<\/div>\n\t\t\t\t\t<\/div>\n\n\t\n<\/div>\n\t\t<\/div>\n\n\t\t\n<style>\n#section_708178802 {\n  padding-top: 30px;\n  padding-bottom: 30px;\n}\n<\/style>\n\t<\/section>\n\t\n\n\t<section class=\"section\" id=\"section_1513910101\">\n\t\t<div class=\"section-bg fill\" >\n\t\t\t\t\t\t\t\t\t\n\t\t\t\n\n\t\t<\/div>\n\n\t\t\n\n\t\t<div class=\"section-content relative\">\n\t\t\t\n<div class=\"row\" style=\"max-width:1200px\" id=\"row-1137081647\">\n\n\t<div id=\"col-288113156\" class=\"col medium-11 small-12 large-9\"  >\n\t\t\t\t<div class=\"col-inner\"  >\n\t\t\t\n\t\t\t\n\t<div id=\"gap-1020734842\" class=\"gap-element clearfix\" style=\"display:block; height:auto;\">\n\t\t\n<style>\n#gap-1020734842 {\n  padding-top: 30px;\n}\n<\/style>\n\t<\/div>\n\t\n\n  <div class=\"banner has-hover\" id=\"banner-1649322993\">\n          <div class=\"banner-inner fill\">\n        <div class=\"banner-bg fill\" >\n            <img loading=\"lazy\" decoding=\"async\" width=\"1287\" height=\"869\" src=\"https:\/\/anthos-paros.gr\/wp-content\/uploads\/2021\/03\/anthos_paros-trips.jpg\" class=\"bg attachment-original size-original\" alt=\"\" \/>                                    \n                    <\/div>\n\t\t\n        <div class=\"banner-layers container\">\n            <div class=\"fill banner-link\"><\/div>            \n   <div id=\"text-box-1402313827\" class=\"text-box banner-layer x50 md-x50 lg-x50 y50 md-y50 lg-y50 res-text\">\n                                <div class=\"text-box-content text dark\">\n              \n              <div class=\"text-inner text-center\">\n                  \n              <\/div>\n           <\/div>\n                            \n<style>\n#text-box-1402313827 {\n  width: 60%;\n}\n#text-box-1402313827 .text-box-content {\n  font-size: 100%;\n}\n@media (min-width:550px) {\n  #text-box-1402313827 {\n    width: 60%;\n  }\n}\n<\/style>\n    <\/div>\n \n        <\/div>\n      <\/div>\n\n            \n<style>\n#banner-1649322993 {\n  padding-top: 300px;\n  background-color: rgb(249, 245, 229);\n}\n#banner-1649322993 .banner-bg img {\n  object-position: 32% 100%;\n}\n@media (min-width:550px) {\n  #banner-1649322993 {\n    padding-top: 500px;\n  }\n}\n<\/style>\n  <\/div>\n\n\n\t\t<\/div>\n\t\t\t\t\t<\/div>\n\n\t\n<\/div>\n<div class=\"row align-right\" style=\"max-width:1200px\" id=\"row-992702728\">\n\n\t<div id=\"col-1061669984\" class=\"col medium-8 small-12 large-6\"  >\n\t\t\t\t<div class=\"col-inner\" style=\"background-color:rgb(255, 255, 255);\" >\n\t\t\t\n\t\t\t\n<h2>Massage &amp; Spa<\/h2>\n<p style=\"text-align: justify;\">Entspannende Massage und Leistungen von Sch\u00f6nheitssalon in Ihrem Zimmer, die den Geist beruhigen, den K\u00f6rper verj\u00fcngen und notwendig sind, damit Sie am besten auftanken.<\/p>\n<h2>Ausfl\u00fcge<\/h2>\n<p style=\"text-align: justify;\">Entdecken Sie die ausgezeichneten Str\u00e4ndeund die unvergelichliche nat\u00fcrliche Sch\u00f6nheit von Paros durch die speziellen Tagesausfl\u00fcge nach den ber\u00fchmtesten highlights des Insels und werden Sie fertig f\u00fcr die besten Selfies die Sie je hatten!<\/p>\n\t\t<\/div>\n\t\t\t\t\n<style>\n#col-1061669984 > .col-inner {\n  padding: 7% 10% 4% 10%;\n  margin: -42px -42px 0px 0px;\n}\n@media (min-width:550px) {\n  #col-1061669984 > .col-inner {\n    margin: -312px -40px 0px -11px;\n  }\n}\n<\/style>\n\t<\/div>\n\n\t\n<\/div>\n\t\t<\/div>\n\n\t\t\n<style>\n#section_1513910101 {\n  padding-top: 40px;\n  padding-bottom: 40px;\n  background-color: rgba(149, 165, 99, 0.698);\n}\n@media (min-width:550px) {\n  #section_1513910101 {\n    padding-top: 80px;\n    padding-bottom: 80px;\n  }\n}\n@media (min-width:850px) {\n  #section_1513910101 {\n    padding-top: 0px;\n    padding-bottom: 0px;\n  }\n}\n<\/style>\n\t<\/section>\n\t\n\n\t<section class=\"section\" id=\"section_861443813\">\n\t\t<div class=\"section-bg fill\" >\n\t\t\t\t\t\t\t\t\t\n\t\t\t\n\n\t\t<\/div>\n\n\t\t\n\n\t\t<div class=\"section-content relative\">\n\t\t\t\n\t<div id=\"gap-85409184\" class=\"gap-element clearfix\" style=\"display:block; height:auto;\">\n\t\t\n<style>\n#gap-85409184 {\n  padding-top: 30px;\n}\n<\/style>\n\t<\/div>\n\t\n<div class=\"row\" style=\"max-width:1200px\" id=\"row-2123912874\">\n\n\t<div id=\"col-1001677434\" class=\"col medium-6 small-12 large-6\"  >\n\t\t\t\t<div class=\"col-inner\"  >\n\t\t\t\n\t\t\t\n\n  <div class=\"banner has-hover\" id=\"banner-1348502041\">\n          <div class=\"banner-inner fill\">\n        <div class=\"banner-bg fill\" >\n            <img loading=\"lazy\" decoding=\"async\" width=\"1500\" height=\"1125\" src=\"https:\/\/anthos-paros.gr\/wp-content\/uploads\/2021\/03\/anthos_paros_Horse_riding.jpg\" class=\"bg attachment-original size-original\" alt=\"\" \/>                                    \n                    <\/div>\n\t\t\n        <div class=\"banner-layers container\">\n            <div class=\"fill banner-link\"><\/div>            \n   <div id=\"text-box-1595258623\" class=\"text-box banner-layer x50 md-x50 lg-x50 y50 md-y50 lg-y50 res-text\">\n                                <div class=\"text-box-content text dark\">\n              \n              <div class=\"text-inner text-center\">\n                  \n              <\/div>\n           <\/div>\n                            \n<style>\n#text-box-1595258623 {\n  width: 60%;\n}\n#text-box-1595258623 .text-box-content {\n  font-size: 100%;\n}\n@media (min-width:550px) {\n  #text-box-1595258623 {\n    width: 60%;\n  }\n}\n<\/style>\n    <\/div>\n \n        <\/div>\n      <\/div>\n\n            \n<style>\n#banner-1348502041 {\n  padding-top: 400px;\n  background-color: rgb(255, 255, 255);\n}\n#banner-1348502041 .banner-bg img {\n  object-position: 12% 62%;\n}\n@media (min-width:550px) {\n  #banner-1348502041 {\n    padding-top: 552px;\n  }\n}\n<\/style>\n  <\/div>\n\n\n\t<div id=\"gap-1198788684\" class=\"gap-element clearfix\" style=\"display:block; height:auto;\">\n\t\t\n<style>\n#gap-1198788684 {\n  padding-top: 30px;\n}\n@media (min-width:550px) {\n  #gap-1198788684 {\n    padding-top: 35px;\n  }\n}\n<\/style>\n\t<\/div>\n\t\n<h2>Wandern<\/h2>\n<p style=\"text-align: justify;\">Kombinieren Sie einen gesunden und belebenden Spaziergang in der Natur mitder M\u00f6glichkeit eines sorglosen Wandern in den Berggebiet des Insels.<\/p>\n\t\t<\/div>\n\t\t\t\t\n<style>\n#col-1001677434 > .col-inner {\n  padding: 0px 0px 0px 1px;\n}\n@media (min-width:850px) {\n  #col-1001677434 > .col-inner {\n    padding: 50px 50px 50px 0px;\n  }\n}\n<\/style>\n\t<\/div>\n\n\t\n\n\t<div id=\"col-751777584\" class=\"col medium-6 small-12 large-6\"  >\n\t\t\t\t<div class=\"col-inner\"  >\n\t\t\t\n\t\t\t\n<h2>Surfen und Tauchen<\/h2>\n<p style=\"text-align: justify;\">Eine einzigartige Gelegenheit f\u00fcr die Anh\u00e4nger der extremen Wassersporten! Kombinieren Sie Ihre Ferien mit&#8230; hohem Adrenalinfaktor, indem Sie die Wellen brechen und die stille Sch\u00f6nheit am Meeresboden des \u00c4g\u00e4ischen Meeres genie\u00dfen.<\/p>\n<h2>Pferdereiten<\/h2>\n<p style=\"text-align: justify;\">Das ist das traditionelle kykladische Verkehrsmittel, mit dem man rund Naoussa von Paros reist. Auf dieselbe Weise, wie \u0395inheimische seit Jahren bewegen, werden Sie eine Fahrt auf die malerischen Gassen des Insels wohl niemals vergessen.<\/p>\n\t<div id=\"gap-1077172655\" class=\"gap-element clearfix\" style=\"display:block; height:auto;\">\n\t\t\n<style>\n#gap-1077172655 {\n  padding-top: 30px;\n}\n@media (min-width:550px) {\n  #gap-1077172655 {\n    padding-top: 20px;\n  }\n}\n<\/style>\n\t<\/div>\n\t\n\n  <div class=\"banner has-hover\" id=\"banner-1733023364\">\n          <div class=\"banner-inner fill\">\n        <div class=\"banner-bg fill\" >\n            <img loading=\"lazy\" decoding=\"async\" width=\"1020\" height=\"683\" src=\"https:\/\/anthos-paros.gr\/wp-content\/uploads\/2021\/03\/anthos_paros_surf.jpg\" class=\"bg attachment-large size-large\" alt=\"\" \/>                                    \n                    <\/div>\n\t\t\n        <div class=\"banner-layers container\">\n            <div class=\"fill banner-link\"><\/div>            \n   <div id=\"text-box-973084193\" class=\"text-box banner-layer x50 md-x50 lg-x50 y50 md-y50 lg-y50 res-text\">\n                                <div class=\"text-box-content text dark\">\n              \n              <div class=\"text-inner text-center\">\n                  \n              <\/div>\n           <\/div>\n                            \n<style>\n#text-box-973084193 {\n  width: 60%;\n}\n#text-box-973084193 .text-box-content {\n  font-size: 100%;\n}\n@media (min-width:550px) {\n  #text-box-973084193 {\n    width: 60%;\n  }\n}\n<\/style>\n    <\/div>\n \n        <\/div>\n      <\/div>\n\n            \n<style>\n#banner-1733023364 {\n  padding-top: 400px;\n  background-color: rgb(255, 255, 255);\n}\n#banner-1733023364 .banner-bg img {\n  object-position: 94% 13%;\n}\n@media (min-width:550px) {\n  #banner-1733023364 {\n    padding-top: 373px;\n  }\n}\n<\/style>\n  <\/div>\n\n\n\t\t<\/div>\n\t\t\t\t\n<style>\n#col-751777584 > .col-inner {\n  padding: 0px 0px 0px 0;\n}\n@media (min-width:550px) {\n  #col-751777584 > .col-inner {\n    padding: 50px 0px 0px 20px;\n  }\n}\n@media (min-width:850px) {\n  #col-751777584 > .col-inner {\n    padding: 50px 0px 0px 50px;\n  }\n}\n<\/style>\n\t<\/div>\n\n\t\n<\/div>\n\t\t<\/div>\n\n\t\t\n<style>\n#section_861443813 {\n  padding-top: 70px;\n  padding-bottom: 70px;\n}\n<\/style>\n\t<\/section>\n\t\n","protected":false},"excerpt":{"rendered":"","protected":false},"author":1,"featured_media":0,"parent":0,"menu_order":0,"comment_status":"closed","ping_status":"closed","template":"page-blank.php","meta":{"footnotes":""},"class_list":["post-11329","page","type-page","status-publish","hentry"],"yoast_head":"<!-- This site is optimized with the Yoast SEO plugin v27.4 - https:\/\/yoast.com\/product\/yoast-seo-wordpress\/ -->\n<title>Concierge Service auf deutsch \u2013 Hotel Anthos Paros<\/title>\n<meta name=\"description\" content=\"Unser Hotel reserviert gerne Ihre Aktivit\u00e4ten. Massagen &amp; Spa\u2713 Tauchg\u00e4nge\u2713 Surfen\u2713 Pferdereiten\u2713 Wanderungen\u2713 \u2794 Deutschsprachiges Hotel\u2713\" \/>\n<meta name=\"robots\" content=\"index, follow, max-snippet:-1, max-image-preview:large, max-video-preview:-1\" \/>\n<link rel=\"canonical\" href=\"https:\/\/anthos-paros.gr\/de\/concierge\/\" \/>\n<meta property=\"og:locale\" content=\"de_DE\" \/>\n<meta property=\"og:type\" content=\"article\" \/>\n<meta property=\"og:title\" content=\"Concierge Service auf deutsch \u2013 Hotel Anthos Paros\" \/>\n<meta property=\"og:description\" content=\"Unser Hotel reserviert gerne Ihre Aktivit\u00e4ten. Massagen &amp; Spa\u2713 Tauchg\u00e4nge\u2713 Surfen\u2713 Pferdereiten\u2713 Wanderungen\u2713 \u2794 Deutschsprachiges Hotel\u2713\" \/>\n<meta property=\"og:url\" content=\"https:\/\/anthos-paros.gr\/de\/concierge\/\" \/>\n<meta property=\"og:site_name\" content=\"Anthos Apartments - Naousa Paros\" \/>\n<meta property=\"article:modified_time\" content=\"2024-02-19T13:24:57+00:00\" \/>\n<meta name=\"twitter:card\" content=\"summary_large_image\" \/>\n<meta name=\"twitter:label1\" content=\"Gesch\u00e4tzte Lesezeit\" \/>\n\t<meta name=\"twitter:data1\" content=\"3\u00a0Minuten\" \/>\n<script type=\"application\/ld+json\" class=\"yoast-schema-graph\">{\"@context\":\"https:\\\/\\\/schema.org\",\"@graph\":[{\"@type\":\"WebPage\",\"@id\":\"https:\\\/\\\/anthos-paros.gr\\\/de\\\/concierge\\\/\",\"url\":\"https:\\\/\\\/anthos-paros.gr\\\/de\\\/concierge\\\/\",\"name\":\"Concierge Service auf deutsch \u2013 Hotel Anthos Paros\",\"isPartOf\":{\"@id\":\"https:\\\/\\\/anthos-paros.gr\\\/#website\"},\"datePublished\":\"2021-04-12T07:26:09+00:00\",\"dateModified\":\"2024-02-19T13:24:57+00:00\",\"description\":\"Unser Hotel reserviert gerne Ihre Aktivit\u00e4ten. Massagen & Spa\u2713 Tauchg\u00e4nge\u2713 Surfen\u2713 Pferdereiten\u2713 Wanderungen\u2713 \u2794 Deutschsprachiges Hotel\u2713\",\"breadcrumb\":{\"@id\":\"https:\\\/\\\/anthos-paros.gr\\\/de\\\/concierge\\\/#breadcrumb\"},\"inLanguage\":\"de\",\"potentialAction\":[{\"@type\":\"ReadAction\",\"target\":[\"https:\\\/\\\/anthos-paros.gr\\\/de\\\/concierge\\\/\"]}]},{\"@type\":\"BreadcrumbList\",\"@id\":\"https:\\\/\\\/anthos-paros.gr\\\/de\\\/concierge\\\/#breadcrumb\",\"itemListElement\":[{\"@type\":\"ListItem\",\"position\":1,\"name\":\"Home\",\"item\":\"https:\\\/\\\/anthos-paros.gr\\\/de\\\/\"},{\"@type\":\"ListItem\",\"position\":2,\"name\":\"Concierge\"}]},{\"@type\":\"WebSite\",\"@id\":\"https:\\\/\\\/anthos-paros.gr\\\/#website\",\"url\":\"https:\\\/\\\/anthos-paros.gr\\\/\",\"name\":\"Anthos Apartments - Naousa Paros\",\"description\":\"Apartments, studios &amp; suites on Paros Island in Naousa - Greece\",\"potentialAction\":[{\"@type\":\"SearchAction\",\"target\":{\"@type\":\"EntryPoint\",\"urlTemplate\":\"https:\\\/\\\/anthos-paros.gr\\\/?s={search_term_string}\"},\"query-input\":{\"@type\":\"PropertyValueSpecification\",\"valueRequired\":true,\"valueName\":\"search_term_string\"}}],\"inLanguage\":\"de\"}]}<\/script>\n<!-- \/ Yoast SEO plugin. -->","yoast_head_json":{"title":"Concierge Service auf deutsch \u2013 Hotel Anthos Paros","description":"Unser Hotel reserviert gerne Ihre Aktivit\u00e4ten. Massagen & Spa\u2713 Tauchg\u00e4nge\u2713 Surfen\u2713 Pferdereiten\u2713 Wanderungen\u2713 \u2794 Deutschsprachiges Hotel\u2713","robots":{"index":"index","follow":"follow","max-snippet":"max-snippet:-1","max-image-preview":"max-image-preview:large","max-video-preview":"max-video-preview:-1"},"canonical":"https:\/\/anthos-paros.gr\/de\/concierge\/","og_locale":"de_DE","og_type":"article","og_title":"Concierge Service auf deutsch \u2013 Hotel Anthos Paros","og_description":"Unser Hotel reserviert gerne Ihre Aktivit\u00e4ten. Massagen & Spa\u2713 Tauchg\u00e4nge\u2713 Surfen\u2713 Pferdereiten\u2713 Wanderungen\u2713 \u2794 Deutschsprachiges Hotel\u2713","og_url":"https:\/\/anthos-paros.gr\/de\/concierge\/","og_site_name":"Anthos Apartments - Naousa Paros","article_modified_time":"2024-02-19T13:24:57+00:00","twitter_card":"summary_large_image","twitter_misc":{"Gesch\u00e4tzte Lesezeit":"3\u00a0Minuten"},"schema":{"@context":"https:\/\/schema.org","@graph":[{"@type":"WebPage","@id":"https:\/\/anthos-paros.gr\/de\/concierge\/","url":"https:\/\/anthos-paros.gr\/de\/concierge\/","name":"Concierge Service auf deutsch \u2013 Hotel Anthos Paros","isPartOf":{"@id":"https:\/\/anthos-paros.gr\/#website"},"datePublished":"2021-04-12T07:26:09+00:00","dateModified":"2024-02-19T13:24:57+00:00","description":"Unser Hotel reserviert gerne Ihre Aktivit\u00e4ten. Massagen & Spa\u2713 Tauchg\u00e4nge\u2713 Surfen\u2713 Pferdereiten\u2713 Wanderungen\u2713 \u2794 Deutschsprachiges Hotel\u2713","breadcrumb":{"@id":"https:\/\/anthos-paros.gr\/de\/concierge\/#breadcrumb"},"inLanguage":"de","potentialAction":[{"@type":"ReadAction","target":["https:\/\/anthos-paros.gr\/de\/concierge\/"]}]},{"@type":"BreadcrumbList","@id":"https:\/\/anthos-paros.gr\/de\/concierge\/#breadcrumb","itemListElement":[{"@type":"ListItem","position":1,"name":"Home","item":"https:\/\/anthos-paros.gr\/de\/"},{"@type":"ListItem","position":2,"name":"Concierge"}]},{"@type":"WebSite","@id":"https:\/\/anthos-paros.gr\/#website","url":"https:\/\/anthos-paros.gr\/","name":"Anthos Apartments - Naousa Paros","description":"Apartments, studios &amp; suites on Paros Island in Naousa - Greece","potentialAction":[{"@type":"SearchAction","target":{"@type":"EntryPoint","urlTemplate":"https:\/\/anthos-paros.gr\/?s={search_term_string}"},"query-input":{"@type":"PropertyValueSpecification","valueRequired":true,"valueName":"search_term_string"}}],"inLanguage":"de"}]}},"_links":{"self":[{"href":"https:\/\/anthos-paros.gr\/de\/wp-json\/wp\/v2\/pages\/11329","targetHints":{"allow":["GET"]}}],"collection":[{"href":"https:\/\/anthos-paros.gr\/de\/wp-json\/wp\/v2\/pages"}],"about":[{"href":"https:\/\/anthos-paros.gr\/de\/wp-json\/wp\/v2\/types\/page"}],"author":[{"embeddable":true,"href":"https:\/\/anthos-paros.gr\/de\/wp-json\/wp\/v2\/users\/1"}],"replies":[{"embeddable":true,"href":"https:\/\/anthos-paros.gr\/de\/wp-json\/wp\/v2\/comments?post=11329"}],"version-history":[{"count":5,"href":"https:\/\/anthos-paros.gr\/de\/wp-json\/wp\/v2\/pages\/11329\/revisions"}],"predecessor-version":[{"id":11811,"href":"https:\/\/anthos-paros.gr\/de\/wp-json\/wp\/v2\/pages\/11329\/revisions\/11811"}],"wp:attachment":[{"href":"https:\/\/anthos-paros.gr\/de\/wp-json\/wp\/v2\/media?parent=11329"}],"curies":[{"name":"wp","href":"https:\/\/api.w.org\/{rel}","templated":true}]}}