{"id":10228,"date":"2020-01-21T16:44:13","date_gmt":"2020-01-21T13:44:13","guid":{"rendered":"https:\/\/anthos-paros.gr\/?page_id=10228"},"modified":"2024-02-19T16:23:10","modified_gmt":"2024-02-19T13:23:10","slug":"anthos-paros","status":"publish","type":"page","link":"https:\/\/anthos-paros.gr\/de\/anthos-paros\/","title":{"rendered":"Anthos Paros"},"content":{"rendered":"<div class=\"row row-collapse row-full-width align-middle hide-for-small\"  id=\"row-1226931137\">\n\n\t<div id=\"col-431268337\" class=\"col medium-3 small-12 large-3\"  >\n\t\t\t\t<div class=\"col-inner\"  >\n\t\t\t\n\t\t\t\n\t<div class=\"img has-hover x md-x lg-x y md-y lg-y\" id=\"image_1022102661\">\n\t\t\t\t\t\t\t\t<div class=\"img-inner image-cover dark\" style=\"padding-top:176%;\">\n\t\t\t<img loading=\"lazy\" decoding=\"async\" width=\"600\" height=\"800\" src=\"https:\/\/anthos-paros.gr\/wp-content\/uploads\/2024\/02\/IMG_4026-600x800.jpeg\" class=\"attachment-large size-large\" alt=\"\" srcset=\"https:\/\/anthos-paros.gr\/wp-content\/uploads\/2024\/02\/IMG_4026-600x800.jpeg 600w, https:\/\/anthos-paros.gr\/wp-content\/uploads\/2024\/02\/IMG_4026-300x400.jpeg 300w, https:\/\/anthos-paros.gr\/wp-content\/uploads\/2024\/02\/IMG_4026.jpeg 768w\" sizes=\"auto, (max-width: 600px) 100vw, 600px\" \/>\t\t\t\t\t\t\n\t\t\t\t\t<\/div>\n\t\t\t\t\t\t\t\t\n<style>\n#image_1022102661 {\n  width: 100%;\n}\n<\/style>\n\t<\/div>\n\t\n\t\t<\/div>\n\t\t\t\t\t<\/div>\n\n\t\n\n\t<div id=\"col-836640620\" class=\"col hotel medium-6 small-12 large-6\"  >\n\t\t\t\t<div class=\"col-inner\"  >\n\t\t\t\n\t\t\t\n\t<div class=\"img has-hover x md-x lg-x y md-y lg-y\" id=\"image_1333517471\">\n\t\t\t\t\t\t\t\t<div class=\"img-inner dark\" >\n\t\t\t<img loading=\"lazy\" decoding=\"async\" width=\"2200\" height=\"1467\" src=\"https:\/\/anthos-paros.gr\/wp-content\/uploads\/2024\/02\/Anthos-81.jpg\" class=\"attachment-original size-original\" alt=\"\" srcset=\"https:\/\/anthos-paros.gr\/wp-content\/uploads\/2024\/02\/Anthos-81.jpg 2200w, https:\/\/anthos-paros.gr\/wp-content\/uploads\/2024\/02\/Anthos-81-600x400.jpg 600w, https:\/\/anthos-paros.gr\/wp-content\/uploads\/2024\/02\/Anthos-81-1200x800.jpg 1200w, https:\/\/anthos-paros.gr\/wp-content\/uploads\/2024\/02\/Anthos-81-768x512.jpg 768w, https:\/\/anthos-paros.gr\/wp-content\/uploads\/2024\/02\/Anthos-81-1536x1024.jpg 1536w, https:\/\/anthos-paros.gr\/wp-content\/uploads\/2024\/02\/Anthos-81-2048x1366.jpg 2048w\" sizes=\"auto, (max-width: 2200px) 100vw, 2200px\" \/>\t\t\t\t\t\t\n\t\t\t\t\t<\/div>\n\t\t\t\t\t\t\t\t\n<style>\n#image_1333517471 {\n  width: 100%;\n}\n<\/style>\n\t<\/div>\n\t\n\t\t<\/div>\n\t\t\t\t\t<\/div>\n\n\t\n\n\t<div id=\"col-1211161480\" class=\"col medium-3 small-12 large-3\"  >\n\t\t\t\t<div class=\"col-inner\"  >\n\t\t\t\n\t\t\t\n\t<div class=\"img has-hover x md-x lg-x y md-y lg-y\" id=\"image_480793826\">\n\t\t\t\t\t\t\t\t<div class=\"img-inner image-cover dark\" style=\"padding-top:176%;\">\n\t\t\t<img loading=\"lazy\" decoding=\"async\" width=\"1020\" height=\"680\" src=\"https:\/\/anthos-paros.gr\/wp-content\/uploads\/2024\/02\/Anthos-88-1-1200x800.jpg\" class=\"attachment-large size-large\" alt=\"\" srcset=\"https:\/\/anthos-paros.gr\/wp-content\/uploads\/2024\/02\/Anthos-88-1-1200x800.jpg 1200w, https:\/\/anthos-paros.gr\/wp-content\/uploads\/2024\/02\/Anthos-88-1-600x400.jpg 600w, https:\/\/anthos-paros.gr\/wp-content\/uploads\/2024\/02\/Anthos-88-1-768x512.jpg 768w, https:\/\/anthos-paros.gr\/wp-content\/uploads\/2024\/02\/Anthos-88-1-1536x1024.jpg 1536w, https:\/\/anthos-paros.gr\/wp-content\/uploads\/2024\/02\/Anthos-88-1-2048x1366.jpg 2048w\" sizes=\"auto, (max-width: 1020px) 100vw, 1020px\" \/>\t\t\t\t\t\t\n\t\t\t\t\t<\/div>\n\t\t\t\t\t\t\t\t\n<style>\n#image_480793826 {\n  width: 100%;\n}\n<\/style>\n\t<\/div>\n\t\n\t\t<\/div>\n\t\t\t\t\t<\/div>\n\n\t\n\n<style>\n#row-1226931137 > .col > .col-inner {\n  padding: 0px 60px 0px 60px;\n}\n<\/style>\n<\/div>\n\n\t<section class=\"section hide-for-small\" id=\"section_1121437681\">\n\t\t<div class=\"section-bg fill\" >\n\t\t\t\t\t\t\t\t\t\n\t\t\t\n\n\t\t<\/div>\n\n\t\t\n\n\t\t<div class=\"section-content relative\">\n\t\t\t\n<div class=\"row align-center\"  id=\"row-987051696\">\n\n\t<div id=\"col-177434243\" class=\"col medium-8 small-12 large-8\"  >\n\t\t\t\t<div class=\"col-inner\"  >\n\t\t\t\n\t\t\t\n<p style=\"text-align: justify;\">Die stilvolle Anlage liegt direkt am Meer, am Rande des malerischen Fischerorts Naoussa. Es erwarten Sie komfortable und einladende Appartments, Studios, Suiten und eine Maisonette.<\/p>\n<p style=\"text-align: justify;\">Alle Zimmerkategorien sind vom griechischen Flair und der Liebe zum Detail gepr\u00e4gt.<\/p>\n<p style=\"text-align: justify;\">Die authentisch kykladische Atmosph\u00e4re, die unvergleichliche Gastfreundschaft von Sotiris und seiner Frau Eleni, die flie\u00dfend deutsch spricht, sowie der atemberaubende Blick auf das tiefe Blau der \u00c4g\u00e4is werden Ihren Aufenthalt zu einem unvergesslichen Erlebnis machen.<\/p>\n<p style=\"text-align: justify;\">Von der Anlage aus sind Sie in nur ein paar Schritten an einem kleinen Strand, aber auch, dank der zentralen Lage am Ortseingang von Naoussa, in nur 10 Minuten zu Fuss im Stadtzentrum.<\/p>\n<p style=\"text-align: justify;\">Das Hoteliersehepaar k\u00fcmmert sich gerne um all Ihre Belange und bietet Ihnen jegliche Annehmlichkeit, um Ihnen einen erholsamen und unvergesslichen Urlaub zu garantieren. Alle Unterk\u00fcnfte, au\u00dfer den Suiten, sind mit K\u00fcchen ausgestattet, in denen Sie Ihre eigenen Mahlzeiten zubereiten k\u00f6nnen. Die Anlage verf\u00fcgt \u00fcber einen Swimmingpool sowie einen Loungebereich f\u00fcr entspannende Momente<\/p>\n\t\t<\/div>\n\t\t\t\t\n<style>\n#col-177434243 > .col-inner {\n  margin: 0px 0px -60px 0px;\n}\n<\/style>\n\t<\/div>\n\n\t\n<\/div>\n\t\t<\/div>\n\n\t\t\n<style>\n#section_1121437681 {\n  padding-top: 60px;\n  padding-bottom: 60px;\n}\n<\/style>\n\t<\/section>\n\t\n<div class=\"row row-collapse row-full-width align-middle show-for-small\"  id=\"row-966025049\">\n\n\t<div id=\"col-1253912601\" class=\"col hotel medium-6 small-12 large-6\"  >\n\t\t\t\t<div class=\"col-inner\"  >\n\t\t\t\n\t\t\t\n\t<div class=\"img has-hover x md-x lg-x y md-y lg-y\" id=\"image_789518728\">\n\t\t\t\t\t\t\t\t<div class=\"img-inner dark\" >\n\t\t\t<img loading=\"lazy\" decoding=\"async\" width=\"2200\" height=\"1467\" src=\"https:\/\/anthos-paros.gr\/wp-content\/uploads\/2024\/02\/Anthos-81.jpg\" class=\"attachment-original size-original\" alt=\"\" srcset=\"https:\/\/anthos-paros.gr\/wp-content\/uploads\/2024\/02\/Anthos-81.jpg 2200w, https:\/\/anthos-paros.gr\/wp-content\/uploads\/2024\/02\/Anthos-81-600x400.jpg 600w, https:\/\/anthos-paros.gr\/wp-content\/uploads\/2024\/02\/Anthos-81-1200x800.jpg 1200w, https:\/\/anthos-paros.gr\/wp-content\/uploads\/2024\/02\/Anthos-81-768x512.jpg 768w, https:\/\/anthos-paros.gr\/wp-content\/uploads\/2024\/02\/Anthos-81-1536x1024.jpg 1536w, https:\/\/anthos-paros.gr\/wp-content\/uploads\/2024\/02\/Anthos-81-2048x1366.jpg 2048w\" sizes=\"auto, (max-width: 2200px) 100vw, 2200px\" \/>\t\t\t\t\t\t\n\t\t\t\t\t<\/div>\n\t\t\t\t\t\t\t\t\n<style>\n#image_789518728 {\n  width: 100%;\n}\n<\/style>\n\t<\/div>\n\t\n\t\t<\/div>\n\t\t\t\t\t<\/div>\n\n\t\n\n<style>\n#row-966025049 > .col > .col-inner {\n  padding: 0px 60px 0px 60px;\n}\n<\/style>\n<\/div>\n\n\t<section class=\"section show-for-small\" id=\"section_2004557066\">\n\t\t<div class=\"section-bg fill\" >\n\t\t\t\t\t\t\t\t\t\n\t\t\t\n\n\t\t<\/div>\n\n\t\t\n\n\t\t<div class=\"section-content relative\">\n\t\t\t\n<div class=\"row align-center\"  id=\"row-1880309820\">\n\n\t<div id=\"col-1613765005\" class=\"col medium-8 small-12 large-8\"  >\n\t\t\t\t<div class=\"col-inner\"  >\n\t\t\t\n\t\t\t\n<p style=\"text-align: justify;\">Die stilvolle Anlage liegt direkt am Meer, am Rande des malerischen Fischerorts Naoussa. Es erwarten Sie komfortable und einladende Appartments, Studios, Suiten und eine Maisonette.<\/p>\n<p style=\"text-align: justify;\">Alle Zimmerkategorien sind vom griechischen Flair und der Liebe zum Detail gepr\u00e4gt.<\/p>\n<p style=\"text-align: justify;\">Die authentisch kykladische Atmosph\u00e4re, die unvergleichliche Gastfreundschaft von Sotiris und seiner Frau Eleni, die flie\u00dfend deutsch spricht, sowie der atemberaubende Blick auf das tiefe Blau der \u00c4g\u00e4is werden Ihren Aufenthalt zu einem unvergesslichen Erlebnis machen.<\/p>\n<p style=\"text-align: justify;\">Von der Anlage aus sind Sie in nur ein paar Schritten an einem kleinen Strand, aber auch, dank der zentralen Lage am Ortseingang von Naoussa, in nur 10 Minuten zu Fuss im Stadtzentrum.<\/p>\n<p style=\"text-align: justify;\">Das Hoteliersehepaar k\u00fcmmert sich gerne um all Ihre Belange und bietet Ihnen jegliche Annehmlichkeit, um Ihnen einen erholsamen und unvergesslichen Urlaub zu garantieren. Alle Unterk\u00fcnfte, au\u00dfer den Suiten, sind mit K\u00fcchen ausgestattet, in denen Sie Ihre eigenen Mahlzeiten zubereiten k\u00f6nnen. Die Anlage verf\u00fcgt \u00fcber einen Swimmingpool sowie einen Loungebereich f\u00fcr entspannende Momente<\/p>\n\t\t<\/div>\n\t\t\t\t\n<style>\n#col-1613765005 > .col-inner {\n  margin: 0px 0px -60px 0px;\n}\n<\/style>\n\t<\/div>\n\n\t\n<\/div>\n\t\t<\/div>\n\n\t\t\n<style>\n#section_2004557066 {\n  padding-top: 60px;\n  padding-bottom: 60px;\n}\n<\/style>\n\t<\/section>\n\t\n<div class=\"row row-collapse row-full-width align-middle show-for-small\"  id=\"row-2094894222\">\n\n\t<div id=\"col-966243560\" class=\"col medium-3 small-12 large-3\"  >\n\t\t\t\t<div class=\"col-inner\"  >\n\t\t\t\n\t\t\t\n\t<div class=\"img has-hover x md-x lg-x y md-y lg-y\" id=\"image_1253353401\">\n\t\t\t\t\t\t\t\t<div class=\"img-inner image-cover dark\" style=\"padding-top:130%;\">\n\t\t\t<img loading=\"lazy\" decoding=\"async\" width=\"600\" height=\"800\" src=\"https:\/\/anthos-paros.gr\/wp-content\/uploads\/2024\/02\/IMG_4026-600x800.jpeg\" class=\"attachment-large size-large\" alt=\"\" srcset=\"https:\/\/anthos-paros.gr\/wp-content\/uploads\/2024\/02\/IMG_4026-600x800.jpeg 600w, https:\/\/anthos-paros.gr\/wp-content\/uploads\/2024\/02\/IMG_4026-300x400.jpeg 300w, https:\/\/anthos-paros.gr\/wp-content\/uploads\/2024\/02\/IMG_4026.jpeg 768w\" sizes=\"auto, (max-width: 600px) 100vw, 600px\" \/>\t\t\t\t\t\t\n\t\t\t\t\t<\/div>\n\t\t\t\t\t\t\t\t\n<style>\n#image_1253353401 {\n  width: 100%;\n}\n<\/style>\n\t<\/div>\n\t\n\t\t<\/div>\n\t\t\t\t\t<\/div>\n\n\t\n\n\t<div id=\"col-1609892013\" class=\"col medium-3 small-12 large-3\"  >\n\t\t\t\t<div class=\"col-inner\"  >\n\t\t\t\n\t\t\t\n\t<div class=\"img has-hover x md-x lg-x y md-y lg-y\" id=\"image_1873215425\">\n\t\t\t\t\t\t\t\t<div class=\"img-inner image-cover dark\" style=\"padding-top:120%;\">\n\t\t\t<img loading=\"lazy\" decoding=\"async\" width=\"1020\" height=\"680\" src=\"https:\/\/anthos-paros.gr\/wp-content\/uploads\/2024\/02\/Anthos-88-1-1200x800.jpg\" class=\"attachment-large size-large\" alt=\"\" srcset=\"https:\/\/anthos-paros.gr\/wp-content\/uploads\/2024\/02\/Anthos-88-1-1200x800.jpg 1200w, https:\/\/anthos-paros.gr\/wp-content\/uploads\/2024\/02\/Anthos-88-1-600x400.jpg 600w, https:\/\/anthos-paros.gr\/wp-content\/uploads\/2024\/02\/Anthos-88-1-768x512.jpg 768w, https:\/\/anthos-paros.gr\/wp-content\/uploads\/2024\/02\/Anthos-88-1-1536x1024.jpg 1536w, https:\/\/anthos-paros.gr\/wp-content\/uploads\/2024\/02\/Anthos-88-1-2048x1366.jpg 2048w\" sizes=\"auto, (max-width: 1020px) 100vw, 1020px\" \/>\t\t\t\t\t\t\n\t\t\t\t\t<\/div>\n\t\t\t\t\t\t\t\t\n<style>\n#image_1873215425 {\n  width: 100%;\n}\n<\/style>\n\t<\/div>\n\t\n\t\t<\/div>\n\t\t\t\t\t<\/div>\n\n\t\n\n<style>\n#row-2094894222 > .col > .col-inner {\n  padding: 0px 0px 0px 0px;\n}\n@media (min-width:550px) {\n  #row-2094894222 > .col > .col-inner {\n    padding: 0px 60px 0px 60px;\n  }\n}\n<\/style>\n<\/div>\n","protected":false},"excerpt":{"rendered":"","protected":false},"author":1,"featured_media":0,"parent":0,"menu_order":0,"comment_status":"closed","ping_status":"closed","template":"page-blank.php","meta":{"footnotes":""},"class_list":["post-10228","page","type-page","status-publish","hentry"],"yoast_head":"<!-- This site is optimized with the Yoast SEO plugin v27.4 - https:\/\/yoast.com\/product\/yoast-seo-wordpress\/ -->\n<title>\u00dcber Anthos Paros - Hotel &amp; Apartments Naoussa Paros<\/title>\n<meta name=\"description\" content=\"Urlaub Paros Naoussa\u27a4 Anthos Paros: stilvolle Hotelanlage\u2713 Pool\u2713 direkt am Meer\u2713 traditionell griechisch\u2713 Familienbetrieb\u2713 deutschsprachig\u2713\" \/>\n<meta name=\"robots\" content=\"index, follow, max-snippet:-1, max-image-preview:large, max-video-preview:-1\" \/>\n<link rel=\"canonical\" href=\"https:\/\/anthos-paros.gr\/de\/anthos-paros\/\" \/>\n<meta property=\"og:locale\" content=\"de_DE\" \/>\n<meta property=\"og:type\" content=\"article\" \/>\n<meta property=\"og:title\" content=\"\u00dcber Anthos Paros - Hotel &amp; Apartments Naoussa Paros\" \/>\n<meta property=\"og:description\" content=\"Urlaub Paros Naoussa\u27a4 Anthos Paros: stilvolle Hotelanlage\u2713 Pool\u2713 direkt am Meer\u2713 traditionell griechisch\u2713 Familienbetrieb\u2713 deutschsprachig\u2713\" \/>\n<meta property=\"og:url\" content=\"https:\/\/anthos-paros.gr\/de\/anthos-paros\/\" \/>\n<meta property=\"og:site_name\" content=\"Anthos Apartments - Naousa Paros\" \/>\n<meta property=\"article:modified_time\" content=\"2024-02-19T13:23:10+00:00\" \/>\n<meta name=\"twitter:card\" content=\"summary_large_image\" \/>\n<meta name=\"twitter:label1\" content=\"Gesch\u00e4tzte Lesezeit\" \/>\n\t<meta name=\"twitter:data1\" content=\"3\u00a0Minuten\" \/>\n<script type=\"application\/ld+json\" class=\"yoast-schema-graph\">{\"@context\":\"https:\\\/\\\/schema.org\",\"@graph\":[{\"@type\":\"WebPage\",\"@id\":\"https:\\\/\\\/anthos-paros.gr\\\/de\\\/anthos-paros\\\/\",\"url\":\"https:\\\/\\\/anthos-paros.gr\\\/de\\\/anthos-paros\\\/\",\"name\":\"\u00dcber Anthos Paros - Hotel & Apartments Naoussa Paros\",\"isPartOf\":{\"@id\":\"https:\\\/\\\/anthos-paros.gr\\\/#website\"},\"datePublished\":\"2020-01-21T13:44:13+00:00\",\"dateModified\":\"2024-02-19T13:23:10+00:00\",\"description\":\"Urlaub Paros Naoussa\u27a4 Anthos Paros: stilvolle Hotelanlage\u2713 Pool\u2713 direkt am Meer\u2713 traditionell griechisch\u2713 Familienbetrieb\u2713 deutschsprachig\u2713\",\"breadcrumb\":{\"@id\":\"https:\\\/\\\/anthos-paros.gr\\\/de\\\/anthos-paros\\\/#breadcrumb\"},\"inLanguage\":\"de\",\"potentialAction\":[{\"@type\":\"ReadAction\",\"target\":[\"https:\\\/\\\/anthos-paros.gr\\\/de\\\/anthos-paros\\\/\"]}]},{\"@type\":\"BreadcrumbList\",\"@id\":\"https:\\\/\\\/anthos-paros.gr\\\/de\\\/anthos-paros\\\/#breadcrumb\",\"itemListElement\":[{\"@type\":\"ListItem\",\"position\":1,\"name\":\"Home\",\"item\":\"https:\\\/\\\/anthos-paros.gr\\\/de\\\/\"},{\"@type\":\"ListItem\",\"position\":2,\"name\":\"Anthos Paros\"}]},{\"@type\":\"WebSite\",\"@id\":\"https:\\\/\\\/anthos-paros.gr\\\/#website\",\"url\":\"https:\\\/\\\/anthos-paros.gr\\\/\",\"name\":\"Anthos Apartments - Naousa Paros\",\"description\":\"Apartments, studios &amp; suites on Paros Island in Naousa - Greece\",\"potentialAction\":[{\"@type\":\"SearchAction\",\"target\":{\"@type\":\"EntryPoint\",\"urlTemplate\":\"https:\\\/\\\/anthos-paros.gr\\\/?s={search_term_string}\"},\"query-input\":{\"@type\":\"PropertyValueSpecification\",\"valueRequired\":true,\"valueName\":\"search_term_string\"}}],\"inLanguage\":\"de\"}]}<\/script>\n<!-- \/ Yoast SEO plugin. -->","yoast_head_json":{"title":"\u00dcber Anthos Paros - Hotel & Apartments Naoussa Paros","description":"Urlaub Paros Naoussa\u27a4 Anthos Paros: stilvolle Hotelanlage\u2713 Pool\u2713 direkt am Meer\u2713 traditionell griechisch\u2713 Familienbetrieb\u2713 deutschsprachig\u2713","robots":{"index":"index","follow":"follow","max-snippet":"max-snippet:-1","max-image-preview":"max-image-preview:large","max-video-preview":"max-video-preview:-1"},"canonical":"https:\/\/anthos-paros.gr\/de\/anthos-paros\/","og_locale":"de_DE","og_type":"article","og_title":"\u00dcber Anthos Paros - Hotel & Apartments Naoussa Paros","og_description":"Urlaub Paros Naoussa\u27a4 Anthos Paros: stilvolle Hotelanlage\u2713 Pool\u2713 direkt am Meer\u2713 traditionell griechisch\u2713 Familienbetrieb\u2713 deutschsprachig\u2713","og_url":"https:\/\/anthos-paros.gr\/de\/anthos-paros\/","og_site_name":"Anthos Apartments - Naousa Paros","article_modified_time":"2024-02-19T13:23:10+00:00","twitter_card":"summary_large_image","twitter_misc":{"Gesch\u00e4tzte Lesezeit":"3\u00a0Minuten"},"schema":{"@context":"https:\/\/schema.org","@graph":[{"@type":"WebPage","@id":"https:\/\/anthos-paros.gr\/de\/anthos-paros\/","url":"https:\/\/anthos-paros.gr\/de\/anthos-paros\/","name":"\u00dcber Anthos Paros - Hotel & Apartments Naoussa Paros","isPartOf":{"@id":"https:\/\/anthos-paros.gr\/#website"},"datePublished":"2020-01-21T13:44:13+00:00","dateModified":"2024-02-19T13:23:10+00:00","description":"Urlaub Paros Naoussa\u27a4 Anthos Paros: stilvolle Hotelanlage\u2713 Pool\u2713 direkt am Meer\u2713 traditionell griechisch\u2713 Familienbetrieb\u2713 deutschsprachig\u2713","breadcrumb":{"@id":"https:\/\/anthos-paros.gr\/de\/anthos-paros\/#breadcrumb"},"inLanguage":"de","potentialAction":[{"@type":"ReadAction","target":["https:\/\/anthos-paros.gr\/de\/anthos-paros\/"]}]},{"@type":"BreadcrumbList","@id":"https:\/\/anthos-paros.gr\/de\/anthos-paros\/#breadcrumb","itemListElement":[{"@type":"ListItem","position":1,"name":"Home","item":"https:\/\/anthos-paros.gr\/de\/"},{"@type":"ListItem","position":2,"name":"Anthos Paros"}]},{"@type":"WebSite","@id":"https:\/\/anthos-paros.gr\/#website","url":"https:\/\/anthos-paros.gr\/","name":"Anthos Apartments - Naousa Paros","description":"Apartments, studios &amp; suites on Paros Island in Naousa - Greece","potentialAction":[{"@type":"SearchAction","target":{"@type":"EntryPoint","urlTemplate":"https:\/\/anthos-paros.gr\/?s={search_term_string}"},"query-input":{"@type":"PropertyValueSpecification","valueRequired":true,"valueName":"search_term_string"}}],"inLanguage":"de"}]}},"_links":{"self":[{"href":"https:\/\/anthos-paros.gr\/de\/wp-json\/wp\/v2\/pages\/10228","targetHints":{"allow":["GET"]}}],"collection":[{"href":"https:\/\/anthos-paros.gr\/de\/wp-json\/wp\/v2\/pages"}],"about":[{"href":"https:\/\/anthos-paros.gr\/de\/wp-json\/wp\/v2\/types\/page"}],"author":[{"embeddable":true,"href":"https:\/\/anthos-paros.gr\/de\/wp-json\/wp\/v2\/users\/1"}],"replies":[{"embeddable":true,"href":"https:\/\/anthos-paros.gr\/de\/wp-json\/wp\/v2\/comments?post=10228"}],"version-history":[{"count":14,"href":"https:\/\/anthos-paros.gr\/de\/wp-json\/wp\/v2\/pages\/10228\/revisions"}],"predecessor-version":[{"id":11809,"href":"https:\/\/anthos-paros.gr\/de\/wp-json\/wp\/v2\/pages\/10228\/revisions\/11809"}],"wp:attachment":[{"href":"https:\/\/anthos-paros.gr\/de\/wp-json\/wp\/v2\/media?parent=10228"}],"curies":[{"name":"wp","href":"https:\/\/api.w.org\/{rel}","templated":true}]}}